{"id":443,"date":"2024-03-26T15:03:47","date_gmt":"2024-03-26T14:03:47","guid":{"rendered":"https:\/\/recioybarbassl.es\/?page_id=443"},"modified":"2024-03-26T15:12:47","modified_gmt":"2024-03-26T14:12:47","slug":"retractilado","status":"publish","type":"page","link":"https:\/\/recioybarbassl.es\/index.php\/retractilado\/","title":{"rendered":"Retractilado"},"content":{"rendered":"\t\t<div data-elementor-type=\"wp-page\" data-elementor-id=\"443\" class=\"elementor elementor-443\">\n\t\t\t\t<div class=\"elementor-element elementor-element-4c140c2 e-flex e-con-boxed e-con e-parent\" data-id=\"4c140c2\" data-element_type=\"container\">\n\t\t\t\t\t<div class=\"e-con-inner\">\n\t\t<div class=\"elementor-element elementor-element-62e3142 e-con-full e-flex e-con e-child\" data-id=\"62e3142\" data-element_type=\"container\">\n\t\t\t\t<div class=\"elementor-element elementor-element-c2029f1 elementor-widget elementor-widget-text-editor\" data-id=\"c2029f1\" data-element_type=\"widget\" data-widget_type=\"text-editor.default\">\n\t\t\t\t<div class=\"elementor-widget-container\">\n\t\t\t<style>\/*! elementor - v3.21.0 - 08-05-2024 *\/\n.elementor-widget-text-editor.elementor-drop-cap-view-stacked .elementor-drop-cap{background-color:#69727d;color:#fff}.elementor-widget-text-editor.elementor-drop-cap-view-framed .elementor-drop-cap{color:#69727d;border:3px solid;background-color:transparent}.elementor-widget-text-editor:not(.elementor-drop-cap-view-default) .elementor-drop-cap{margin-top:8px}.elementor-widget-text-editor:not(.elementor-drop-cap-view-default) .elementor-drop-cap-letter{width:1em;height:1em}.elementor-widget-text-editor .elementor-drop-cap{float:left;text-align:center;line-height:1;font-size:50px}.elementor-widget-text-editor .elementor-drop-cap-letter{display:inline-block}<\/style>\t\t\t\t<p data-sourcepos=\"3:1-3:107\"><strong>Protege y presenta tus productos de forma impecable<\/strong> con nuestro servicio de retractilado. Te ofrecemos:<\/p><p data-sourcepos=\"5:1-5:25\"><strong>1. M\u00e1xima protecci\u00f3n:<\/strong><\/p><ul data-sourcepos=\"7:1-9:0\"><li data-sourcepos=\"7:1-7:130\">El film retr\u00e1ctil se ajusta perfectamente al producto, creando una barrera protectora contra la humedad, el polvo y la suciedad.<\/li><li data-sourcepos=\"8:1-9:0\">Protecci\u00f3n contra golpes, roces y manipulaciones indebidas durante el transporte y almacenamiento.<\/li><\/ul><p data-sourcepos=\"10:1-10:30\">\u00a0<\/p><p data-sourcepos=\"10:1-10:30\"><strong>2. Presentaci\u00f3n atractiva:<\/strong><\/p><ul data-sourcepos=\"12:1-14:0\"><li data-sourcepos=\"12:1-12:112\">El film retr\u00e1ctil transparente permite una visualizaci\u00f3n completa del producto, realzando su atractivo visual.<\/li><li data-sourcepos=\"13:1-14:0\">Acabado brillante y profesional que mejora la imagen de tu marca.<\/li><\/ul><p data-sourcepos=\"15:1-15:20\">\u00a0<\/p><p data-sourcepos=\"15:1-15:20\"><strong>3. Versatilidad:<\/strong><\/p><ul data-sourcepos=\"17:1-19:0\"><li data-sourcepos=\"17:1-17:94\">Amplia gama de films retr\u00e1ctiles disponibles en diferentes espesores, colores y propiedades.<\/li><li data-sourcepos=\"18:1-19:0\">Soluciones para retractilar productos de distintos tama\u00f1os, formas y fragilidad.<\/li><\/ul><p data-sourcepos=\"20:1-20:28\">\u00a0<\/p><p data-sourcepos=\"20:1-20:28\"><strong>4. Eficiencia y rapidez:<\/strong><\/p><ul data-sourcepos=\"22:1-25:0\"><li data-sourcepos=\"22:1-22:99\">Equipos modernos y personal altamente cualificado para garantizar un servicio r\u00e1pido y eficiente.<\/li><li data-sourcepos=\"23:1-23:46\">Cumplimiento de plazos de entrega ajustados.<\/li><li data-sourcepos=\"24:1-25:0\">Capacidad para gestionar grandes vol\u00famenes de pedidos.<\/li><\/ul><p data-sourcepos=\"26:1-26:22\">\u00a0<\/p><p data-sourcepos=\"26:1-26:22\"><strong>5. Sostenibilidad:<\/strong><\/p><ul data-sourcepos=\"28:1-30:0\"><li data-sourcepos=\"28:1-28:75\">Opciones de film retr\u00e1ctil biodegradable para un menor impacto ambiental.<\/li><li data-sourcepos=\"29:1-30:0\">Reducci\u00f3n de residuos y consumo de materiales.<\/li><\/ul><p data-sourcepos=\"31:1-31:136\">\u00a0<\/p><p data-sourcepos=\"31:1-31:136\"><strong>Conf\u00eda en nuestro servicio de retractilado para proteger, presentar y embalar tus productos de forma segura, atractiva y sostenible.<\/strong><\/p>\t\t\t\t\t\t<\/div>\n\t\t\t\t<\/div>\n\t\t\t\t<\/div>\n\t\t<div class=\"elementor-element elementor-element-92a72f7 e-con-full e-flex e-con e-child\" data-id=\"92a72f7\" data-element_type=\"container\">\n\t\t\t\t<div class=\"elementor-element elementor-element-55ad462 elementor-widget elementor-widget-image\" data-id=\"55ad462\" data-element_type=\"widget\" data-widget_type=\"image.default\">\n\t\t\t\t<div class=\"elementor-widget-container\">\n\t\t\t<style>\/*! elementor - v3.21.0 - 08-05-2024 *\/\n.elementor-widget-image{text-align:center}.elementor-widget-image a{display:inline-block}.elementor-widget-image a img[src$=\".svg\"]{width:48px}.elementor-widget-image img{vertical-align:middle;display:inline-block}<\/style>\t\t\t\t\t\t\t\t\t\t<img fetchpriority=\"high\" decoding=\"async\" width=\"461\" height=\"1024\" src=\"https:\/\/recioybarbassl.es\/wp-content\/uploads\/2024\/03\/IMG_20231209_134746-461x1024.jpg\" class=\"attachment-large size-large wp-image-445\" alt=\"\" srcset=\"https:\/\/recioybarbassl.es\/wp-content\/uploads\/2024\/03\/IMG_20231209_134746-461x1024.jpg 461w, https:\/\/recioybarbassl.es\/wp-content\/uploads\/2024\/03\/IMG_20231209_134746-135x300.jpg 135w, https:\/\/recioybarbassl.es\/wp-content\/uploads\/2024\/03\/IMG_20231209_134746-rotated.jpg 576w\" sizes=\"(max-width: 461px) 100vw, 461px\" \/>\t\t\t\t\t\t\t\t\t\t\t\t\t<\/div>\n\t\t\t\t<\/div>\n\t\t\t\t<\/div>\n\t\t\t\t\t<\/div>\n\t\t\t\t<\/div>\n\t\t\t\t<\/div>\n\t\t","protected":false},"excerpt":{"rendered":"<p>Protege y presenta tus productos de forma impecable con nuestro servicio de retractilado. Te ofrecemos: 1. M\u00e1xima protecci\u00f3n: El film retr\u00e1ctil se ajusta perfectamente al producto, creando una barrera protectora contra la humedad, el polvo y la suciedad. Protecci\u00f3n contra golpes, roces y manipulaciones indebidas durante el transporte y almacenamiento. \u00a0 2. Presentaci\u00f3n atractiva: El [&hellip;]<\/p>\n","protected":false},"author":1,"featured_media":0,"parent":0,"menu_order":0,"comment_status":"closed","ping_status":"closed","template":"","meta":{"_monsterinsights_skip_tracking":false,"_monsterinsights_sitenote_active":false,"_monsterinsights_sitenote_note":"","_monsterinsights_sitenote_category":0,"footnotes":""},"aioseo_notices":[],"_links":{"self":[{"href":"https:\/\/recioybarbassl.es\/index.php\/wp-json\/wp\/v2\/pages\/443"}],"collection":[{"href":"https:\/\/recioybarbassl.es\/index.php\/wp-json\/wp\/v2\/pages"}],"about":[{"href":"https:\/\/recioybarbassl.es\/index.php\/wp-json\/wp\/v2\/types\/page"}],"author":[{"embeddable":true,"href":"https:\/\/recioybarbassl.es\/index.php\/wp-json\/wp\/v2\/users\/1"}],"replies":[{"embeddable":true,"href":"https:\/\/recioybarbassl.es\/index.php\/wp-json\/wp\/v2\/comments?post=443"}],"version-history":[{"count":10,"href":"https:\/\/recioybarbassl.es\/index.php\/wp-json\/wp\/v2\/pages\/443\/revisions"}],"predecessor-version":[{"id":472,"href":"https:\/\/recioybarbassl.es\/index.php\/wp-json\/wp\/v2\/pages\/443\/revisions\/472"}],"wp:attachment":[{"href":"https:\/\/recioybarbassl.es\/index.php\/wp-json\/wp\/v2\/media?parent=443"}],"curies":[{"name":"wp","href":"https:\/\/api.w.org\/{rel}","templated":true}]}}