{"id":432,"date":"2024-03-26T15:01:29","date_gmt":"2024-03-26T14:01:29","guid":{"rendered":"https:\/\/recioybarbassl.es\/?page_id=432"},"modified":"2024-03-26T20:45:21","modified_gmt":"2024-03-26T19:45:21","slug":"cambio-de-etiqueta","status":"publish","type":"page","link":"https:\/\/recioybarbassl.es\/index.php\/cambio-de-etiqueta\/","title":{"rendered":"Cambio de etiqueta"},"content":{"rendered":"\t\t<div data-elementor-type=\"wp-page\" data-elementor-id=\"432\" class=\"elementor elementor-432\">\n\t\t\t\t<div class=\"elementor-element elementor-element-4c140c2 e-flex e-con-boxed e-con e-parent\" data-id=\"4c140c2\" data-element_type=\"container\">\n\t\t\t\t\t<div class=\"e-con-inner\">\n\t\t<div class=\"elementor-element elementor-element-62e3142 e-con-full e-flex e-con e-child\" data-id=\"62e3142\" data-element_type=\"container\">\n\t\t\t\t<div class=\"elementor-element elementor-element-c2029f1 elementor-widget elementor-widget-text-editor\" data-id=\"c2029f1\" data-element_type=\"widget\" data-widget_type=\"text-editor.default\">\n\t\t\t\t<div class=\"elementor-widget-container\">\n\t\t\t<style>\/*! elementor - v3.21.0 - 08-05-2024 *\/\n.elementor-widget-text-editor.elementor-drop-cap-view-stacked .elementor-drop-cap{background-color:#69727d;color:#fff}.elementor-widget-text-editor.elementor-drop-cap-view-framed .elementor-drop-cap{color:#69727d;border:3px solid;background-color:transparent}.elementor-widget-text-editor:not(.elementor-drop-cap-view-default) .elementor-drop-cap{margin-top:8px}.elementor-widget-text-editor:not(.elementor-drop-cap-view-default) .elementor-drop-cap-letter{width:1em;height:1em}.elementor-widget-text-editor .elementor-drop-cap{float:left;text-align:center;line-height:1;font-size:50px}.elementor-widget-text-editor .elementor-drop-cap-letter{display:inline-block}<\/style>\t\t\t\t<p data-sourcepos=\"3:1-3:146\"><strong>\u00bfNecesitas actualizar o modificar las etiquetas de tus productos?<\/strong> Te ofrecemos un servicio de cambios de etiqueta r\u00e1pido, preciso y eficiente.<\/p><p data-sourcepos=\"5:1-5:33\">\u00a0<\/p><p data-sourcepos=\"5:1-5:33\"><strong>1. Recepci\u00f3n y clasificaci\u00f3n:<\/strong><\/p><ul data-sourcepos=\"7:1-9:0\"><li data-sourcepos=\"7:1-7:76\">Recepci\u00f3n de tus productos y clasificaci\u00f3n por tipo de cambio de etiqueta.<\/li><li data-sourcepos=\"8:1-9:0\">Verificaci\u00f3n de la informaci\u00f3n de las nuevas etiquetas para garantizar su precisi\u00f3n.<\/li><\/ul><p data-sourcepos=\"10:1-10:38\">\u00a0<\/p><p data-sourcepos=\"10:1-10:38\"><strong>2. Retirada de etiquetas antiguas:<\/strong><\/p><ul data-sourcepos=\"12:1-14:0\"><li data-sourcepos=\"12:1-12:89\">Retirada de las etiquetas antiguas de forma cuidadosa para evitar da\u00f1os en el producto.<\/li><li data-sourcepos=\"13:1-14:0\">Eliminaci\u00f3n segura de las etiquetas antiguas de acuerdo con la normativa vigente.<\/li><\/ul><p data-sourcepos=\"15:1-15:38\">\u00a0<\/p><p data-sourcepos=\"15:1-15:38\"><strong>3. Aplicaci\u00f3n de nuevas etiquetas:<\/strong><\/p><ul data-sourcepos=\"17:1-19:0\"><li data-sourcepos=\"17:1-17:65\">Aplicaci\u00f3n de las nuevas etiquetas con precisi\u00f3n y uniformidad.<\/li><\/ul><p data-sourcepos=\"20:1-20:26\">\u00a0<\/p><p data-sourcepos=\"20:1-20:26\"><strong>4. Control de calidad:<\/strong><\/p><ul data-sourcepos=\"22:1-24:0\"><li data-sourcepos=\"22:1-22:103\">Inspecci\u00f3n exhaustiva de los productos para asegurar que las etiquetas est\u00e9n correctamente aplicadas.<\/li><li data-sourcepos=\"23:1-24:0\">Detecci\u00f3n y correcci\u00f3n de cualquier error o imperfecci\u00f3n.<\/li><\/ul><p data-sourcepos=\"25:1-25:30\">\u00a0<\/p><p data-sourcepos=\"25:1-25:30\"><strong>5. Servicio personalizado:<\/strong><\/p><ul data-sourcepos=\"27:1-30:0\"><li data-sourcepos=\"27:1-27:69\">Nos adaptamos a tus necesidades espec\u00edficas de cambio de etiquetas.<\/li><li data-sourcepos=\"28:1-28:113\">Soluciones personalizadas para diferentes tipos de productos, materiales de etiquetas y requisitos de adhesi\u00f3n.<\/li><li data-sourcepos=\"29:1-30:0\">Asesoramiento experto para elegir la mejor opci\u00f3n para tus necesidades.<\/li><\/ul><p data-sourcepos=\"31:1-31:135\">\u00a0<\/p><p data-sourcepos=\"31:1-31:135\"><strong>Conf\u00eda en nuestro servicio de cambios de etiqueta para asegurarte de que tus productos tengan la informaci\u00f3n precisa y actualizada.<\/strong><\/p>\t\t\t\t\t\t<\/div>\n\t\t\t\t<\/div>\n\t\t\t\t<\/div>\n\t\t<div class=\"elementor-element elementor-element-92a72f7 e-con-full e-flex e-con e-child\" data-id=\"92a72f7\" data-element_type=\"container\">\n\t\t\t\t<div class=\"elementor-element elementor-element-ba97d96 elementor-widget elementor-widget-image\" data-id=\"ba97d96\" data-element_type=\"widget\" data-widget_type=\"image.default\">\n\t\t\t\t<div class=\"elementor-widget-container\">\n\t\t\t<style>\/*! elementor - v3.21.0 - 08-05-2024 *\/\n.elementor-widget-image{text-align:center}.elementor-widget-image a{display:inline-block}.elementor-widget-image a img[src$=\".svg\"]{width:48px}.elementor-widget-image img{vertical-align:middle;display:inline-block}<\/style>\t\t\t\t\t\t\t\t\t\t<img fetchpriority=\"high\" decoding=\"async\" width=\"334\" height=\"497\" src=\"https:\/\/recioybarbassl.es\/wp-content\/uploads\/2024\/03\/personalizacion-vertical.png\" class=\"attachment-full size-full wp-image-454\" alt=\"\" srcset=\"https:\/\/recioybarbassl.es\/wp-content\/uploads\/2024\/03\/personalizacion-vertical.png 334w, https:\/\/recioybarbassl.es\/wp-content\/uploads\/2024\/03\/personalizacion-vertical-202x300.png 202w\" sizes=\"(max-width: 334px) 100vw, 334px\" \/>\t\t\t\t\t\t\t\t\t\t\t\t\t<\/div>\n\t\t\t\t<\/div>\n\t\t\t\t<div class=\"elementor-element elementor-element-55ad462 elementor-widget elementor-widget-image\" data-id=\"55ad462\" data-element_type=\"widget\" data-widget_type=\"image.default\">\n\t\t\t\t<div class=\"elementor-widget-container\">\n\t\t\t\t\t\t\t\t\t\t\t\t\t<img decoding=\"async\" src=\"https:\/\/recioybarbassl.es\/wp-content\/uploads\/elementor\/thumbs\/etiqueta-qgm9np20jp61lo1iivq9ks32p0wy4c7xznq19ddyzo.jpg\" title=\"etiqueta\" alt=\"etiqueta\" loading=\"lazy\" \/>\t\t\t\t\t\t\t\t\t\t\t\t\t<\/div>\n\t\t\t\t<\/div>\n\t\t\t\t<\/div>\n\t\t\t\t\t<\/div>\n\t\t\t\t<\/div>\n\t\t\t\t<\/div>\n\t\t","protected":false},"excerpt":{"rendered":"<p>\u00bfNecesitas actualizar o modificar las etiquetas de tus productos? Te ofrecemos un servicio de cambios de etiqueta r\u00e1pido, preciso y eficiente. \u00a0 1. Recepci\u00f3n y clasificaci\u00f3n: Recepci\u00f3n de tus productos y clasificaci\u00f3n por tipo de cambio de etiqueta. Verificaci\u00f3n de la informaci\u00f3n de las nuevas etiquetas para garantizar su precisi\u00f3n. \u00a0 2. Retirada de etiquetas [&hellip;]<\/p>\n","protected":false},"author":1,"featured_media":0,"parent":0,"menu_order":0,"comment_status":"closed","ping_status":"closed","template":"","meta":{"_monsterinsights_skip_tracking":false,"_monsterinsights_sitenote_active":false,"_monsterinsights_sitenote_note":"","_monsterinsights_sitenote_category":0,"footnotes":""},"aioseo_notices":[],"_links":{"self":[{"href":"https:\/\/recioybarbassl.es\/index.php\/wp-json\/wp\/v2\/pages\/432"}],"collection":[{"href":"https:\/\/recioybarbassl.es\/index.php\/wp-json\/wp\/v2\/pages"}],"about":[{"href":"https:\/\/recioybarbassl.es\/index.php\/wp-json\/wp\/v2\/types\/page"}],"author":[{"embeddable":true,"href":"https:\/\/recioybarbassl.es\/index.php\/wp-json\/wp\/v2\/users\/1"}],"replies":[{"embeddable":true,"href":"https:\/\/recioybarbassl.es\/index.php\/wp-json\/wp\/v2\/comments?post=432"}],"version-history":[{"count":25,"href":"https:\/\/recioybarbassl.es\/index.php\/wp-json\/wp\/v2\/pages\/432\/revisions"}],"predecessor-version":[{"id":494,"href":"https:\/\/recioybarbassl.es\/index.php\/wp-json\/wp\/v2\/pages\/432\/revisions\/494"}],"wp:attachment":[{"href":"https:\/\/recioybarbassl.es\/index.php\/wp-json\/wp\/v2\/media?parent=432"}],"curies":[{"name":"wp","href":"https:\/\/api.w.org\/{rel}","templated":true}]}}