{"id":423,"date":"2024-03-26T14:54:09","date_gmt":"2024-03-26T13:54:09","guid":{"rendered":"https:\/\/recioybarbassl.es\/?page_id=423"},"modified":"2024-03-26T15:12:12","modified_gmt":"2024-03-26T14:12:12","slug":"doblado-y-embolsado","status":"publish","type":"page","link":"https:\/\/recioybarbassl.es\/index.php\/doblado-y-embolsado\/","title":{"rendered":"Doblado y Embolsado"},"content":{"rendered":"\t\t<div data-elementor-type=\"wp-page\" data-elementor-id=\"423\" class=\"elementor elementor-423\">\n\t\t\t\t<div class=\"elementor-element elementor-element-4c140c2 e-flex e-con-boxed e-con e-parent\" data-id=\"4c140c2\" data-element_type=\"container\">\n\t\t\t\t\t<div class=\"e-con-inner\">\n\t\t<div class=\"elementor-element elementor-element-62e3142 e-con-full e-flex e-con e-child\" data-id=\"62e3142\" data-element_type=\"container\">\n\t\t\t\t<div class=\"elementor-element elementor-element-c2029f1 elementor-widget elementor-widget-text-editor\" data-id=\"c2029f1\" data-element_type=\"widget\" data-widget_type=\"text-editor.default\">\n\t\t\t\t<div class=\"elementor-widget-container\">\n\t\t\t<style>\/*! elementor - v3.21.0 - 08-05-2024 *\/\n.elementor-widget-text-editor.elementor-drop-cap-view-stacked .elementor-drop-cap{background-color:#69727d;color:#fff}.elementor-widget-text-editor.elementor-drop-cap-view-framed .elementor-drop-cap{color:#69727d;border:3px solid;background-color:transparent}.elementor-widget-text-editor:not(.elementor-drop-cap-view-default) .elementor-drop-cap{margin-top:8px}.elementor-widget-text-editor:not(.elementor-drop-cap-view-default) .elementor-drop-cap-letter{width:1em;height:1em}.elementor-widget-text-editor .elementor-drop-cap{float:left;text-align:center;line-height:1;font-size:50px}.elementor-widget-text-editor .elementor-drop-cap-letter{display:inline-block}<\/style>\t\t\t\t<p data-sourcepos=\"3:1-3:117\"><strong>Optimiza la presentaci\u00f3n y protecci\u00f3n de tus productos<\/strong> con nuestro servicio de doblado y embolsado. Te ofrecemos:<\/p><p data-sourcepos=\"5:1-5:27\"><strong>1. Doblado profesional:<\/strong><\/p><ul data-sourcepos=\"7:1-10:0\"><li data-sourcepos=\"7:1-7:81\">Doblado manual o autom\u00e1tico de prendas, textiles, paqueter\u00eda y otros productos.<\/li><li data-sourcepos=\"8:1-8:88\">Variedad de t\u00e9cnicas de doblado para adaptarse a las caracter\u00edsticas de cada producto.<\/li><li data-sourcepos=\"9:1-10:0\">Doblado preciso y uniforme para una presentaci\u00f3n impecable.<\/li><\/ul><p data-sourcepos=\"11:1-11:39\">\u00a0<\/p><p data-sourcepos=\"11:1-11:39\"><strong>2. Embolsado individual o en packs:<\/strong><\/p><ul data-sourcepos=\"13:1-16:0\"><li data-sourcepos=\"13:1-13:79\">Bolsas de diferentes materiales (polietileno, polipropileno, etc.) y tama\u00f1os.<\/li><li data-sourcepos=\"14:1-14:61\">Bolsas transparentes, opacas o con impresi\u00f3n personalizada.<\/li><li data-sourcepos=\"15:1-16:0\"><span class=\"citation-0 contradictory citation-end-0\" tabindex=\"0\" role=\"button\">Etiquetado e impresi\u00f3n de c\u00f3digos de barras para una mejor gesti\u00f3n del inventario.<\/span><\/li><\/ul><p data-sourcepos=\"17:1-17:30\">\u00a0<\/p><p data-sourcepos=\"17:1-17:30\"><strong>3. Servicio personalizado:<\/strong><\/p><ul data-sourcepos=\"19:1-22:0\"><li data-sourcepos=\"19:1-19:69\">Nos adaptamos a tus necesidades espec\u00edficas de doblado y embolsado.<\/li><li data-sourcepos=\"20:1-20:86\">Soluciones personalizadas para productos de diferentes tama\u00f1os, formas y fragilidad.<\/li><li data-sourcepos=\"21:1-22:0\">Asesoramiento experto para elegir la mejor opci\u00f3n para tus productos.<\/li><\/ul><p data-sourcepos=\"23:1-23:28\">\u00a0<\/p><p data-sourcepos=\"23:1-23:28\"><strong>4. Eficiencia y rapidez:<\/strong><\/p><ul data-sourcepos=\"25:1-28:0\"><li data-sourcepos=\"25:1-25:99\">Equipos modernos y personal altamente cualificado para garantizar un servicio r\u00e1pido y eficiente.<\/li><li data-sourcepos=\"26:1-26:46\">Cumplimiento de plazos de entrega ajustados.<\/li><li data-sourcepos=\"27:1-28:0\">Capacidad para gestionar grandes vol\u00famenes de pedidos.<\/li><\/ul><p data-sourcepos=\"29:1-29:124\">\u00a0<\/p><p data-sourcepos=\"29:1-29:124\"><strong>Conf\u00eda en nuestro servicio de doblado y embolsado para mejorar la presentaci\u00f3n, protecci\u00f3n y log\u00edstica de tus productos.<\/strong><\/p>\t\t\t\t\t\t<\/div>\n\t\t\t\t<\/div>\n\t\t\t\t<\/div>\n\t\t<div class=\"elementor-element elementor-element-92a72f7 e-con-full e-flex e-con e-child\" data-id=\"92a72f7\" data-element_type=\"container\">\n\t\t\t\t<div class=\"elementor-element elementor-element-55ad462 elementor-widget elementor-widget-image\" data-id=\"55ad462\" data-element_type=\"widget\" data-widget_type=\"image.default\">\n\t\t\t\t<div class=\"elementor-widget-container\">\n\t\t\t<style>\/*! elementor - v3.21.0 - 08-05-2024 *\/\n.elementor-widget-image{text-align:center}.elementor-widget-image a{display:inline-block}.elementor-widget-image a img[src$=\".svg\"]{width:48px}.elementor-widget-image img{vertical-align:middle;display:inline-block}<\/style>\t\t\t\t\t\t\t\t\t\t<img fetchpriority=\"high\" decoding=\"async\" width=\"586\" height=\"1024\" src=\"https:\/\/recioybarbassl.es\/wp-content\/uploads\/2024\/03\/IMG_20231210_174039-586x1024.jpg\" class=\"attachment-large size-large wp-image-428\" alt=\"\" srcset=\"https:\/\/recioybarbassl.es\/wp-content\/uploads\/2024\/03\/IMG_20231210_174039-586x1024.jpg 586w, https:\/\/recioybarbassl.es\/wp-content\/uploads\/2024\/03\/IMG_20231210_174039-172x300.jpg 172w, https:\/\/recioybarbassl.es\/wp-content\/uploads\/2024\/03\/IMG_20231210_174039-768x1342.jpg 768w, https:\/\/recioybarbassl.es\/wp-content\/uploads\/2024\/03\/IMG_20231210_174039-879x1536.jpg 879w, https:\/\/recioybarbassl.es\/wp-content\/uploads\/2024\/03\/IMG_20231210_174039-1172x2048.jpg 1172w, https:\/\/recioybarbassl.es\/wp-content\/uploads\/2024\/03\/IMG_20231210_174039-scaled.jpg 1465w\" sizes=\"(max-width: 586px) 100vw, 586px\" \/>\t\t\t\t\t\t\t\t\t\t\t\t\t<\/div>\n\t\t\t\t<\/div>\n\t\t\t\t<\/div>\n\t\t\t\t\t<\/div>\n\t\t\t\t<\/div>\n\t\t\t\t<\/div>\n\t\t","protected":false},"excerpt":{"rendered":"<p>Optimiza la presentaci\u00f3n y protecci\u00f3n de tus productos con nuestro servicio de doblado y embolsado. Te ofrecemos: 1. Doblado profesional: Doblado manual o autom\u00e1tico de prendas, textiles, paqueter\u00eda y otros productos. Variedad de t\u00e9cnicas de doblado para adaptarse a las caracter\u00edsticas de cada producto. Doblado preciso y uniforme para una presentaci\u00f3n impecable. \u00a0 2. Embolsado [&hellip;]<\/p>\n","protected":false},"author":1,"featured_media":0,"parent":0,"menu_order":0,"comment_status":"closed","ping_status":"closed","template":"","meta":{"_monsterinsights_skip_tracking":false,"_monsterinsights_sitenote_active":false,"_monsterinsights_sitenote_note":"","_monsterinsights_sitenote_category":0,"footnotes":""},"aioseo_notices":[],"_links":{"self":[{"href":"https:\/\/recioybarbassl.es\/index.php\/wp-json\/wp\/v2\/pages\/423"}],"collection":[{"href":"https:\/\/recioybarbassl.es\/index.php\/wp-json\/wp\/v2\/pages"}],"about":[{"href":"https:\/\/recioybarbassl.es\/index.php\/wp-json\/wp\/v2\/types\/page"}],"author":[{"embeddable":true,"href":"https:\/\/recioybarbassl.es\/index.php\/wp-json\/wp\/v2\/users\/1"}],"replies":[{"embeddable":true,"href":"https:\/\/recioybarbassl.es\/index.php\/wp-json\/wp\/v2\/comments?post=423"}],"version-history":[{"count":10,"href":"https:\/\/recioybarbassl.es\/index.php\/wp-json\/wp\/v2\/pages\/423\/revisions"}],"predecessor-version":[{"id":463,"href":"https:\/\/recioybarbassl.es\/index.php\/wp-json\/wp\/v2\/pages\/423\/revisions\/463"}],"wp:attachment":[{"href":"https:\/\/recioybarbassl.es\/index.php\/wp-json\/wp\/v2\/media?parent=423"}],"curies":[{"name":"wp","href":"https:\/\/api.w.org\/{rel}","templated":true}]}}